{"id":1120,"date":"2019-05-23T16:13:08","date_gmt":"2019-05-23T16:13:08","guid":{"rendered":"http:\/\/elarpa.fincamalaga.com\/index.php\/forsiden\/"},"modified":"2024-02-18T21:07:04","modified_gmt":"2024-02-18T21:07:04","slug":"forsiden","status":"publish","type":"page","link":"https:\/\/fincamalaga.com\/index.php\/forsiden\/?lang=da","title":{"rendered":"Andalusisk finca lige ved s\u00f8en n\u00e6r Caminito del Rey-stien"},"content":{"rendered":"\r\n<p>El Arpa Finca Malaga ferielejligheder i Andalusiens natur<\/p>\r\n<h1>Andalusisk <strong>finca<\/strong> i s\u00f8distriktet<\/h1>\r\n\r\n\r\n<p><h2><strong>Fincalejligheder i den andalusiske natur<\/strong><\/h2> \r\n\r\n\r\n\r\n\r\nFlotte studio lejligheder i et af de smukkeste naturomr\u00e5der i Malaga provinsen. \r\n\r\nBeliggende imellem s\u00f8er og bjerge t\u00e6t ved indgangen til den ber\u00f8mte Kongesti; Caminito del Rey og kun 45 min fra Malaga lufthavn. \r\n\r\nFamilieejet smukt landhus renoveret med respekt for naturen og den traditionelle byggestil med sp\u00e6r i tr\u00e6 og tykke stenmurer. \r\n\r\nDen 5 hektar store grund er dels beplantet med \u00f8kologiske mandeltr\u00e6er og en lille sti f\u00f8rer forbi en af mandellundene ned til den smukke s\u00f8.  \r\n\r\n<strong>S\u00f8en 150m \u0387 Restauranter 4km \u0387 Caminito del Rey 5km \u0387 Indk\u00f8b 16km \u0387 Lufthavn 65km<\/strong>\r\n\r\n\r\n<img loading=\"lazy\" decoding=\"async\" src=\"https:\/\/fincamalaga.com\/wp-content\/uploads\/2019\/06\/Damian_Scott_4446_red.jpg\" alt=\"Caminito del Rey\" width=\"2736\" height=\"1824\" class=\"alignnone size-full wp-image-1765\" srcset=\"https:\/\/fincamalaga.com\/wp-content\/uploads\/2019\/06\/Damian_Scott_4446_red.jpg 2736w, https:\/\/fincamalaga.com\/wp-content\/uploads\/2019\/06\/Damian_Scott_4446_red-300x200.jpg 300w, https:\/\/fincamalaga.com\/wp-content\/uploads\/2019\/06\/Damian_Scott_4446_red-768x512.jpg 768w, https:\/\/fincamalaga.com\/wp-content\/uploads\/2019\/06\/Damian_Scott_4446_red-1024x683.jpg 1024w, https:\/\/fincamalaga.com\/wp-content\/uploads\/2019\/06\/Damian_Scott_4446_red-900x600.jpg 900w\" sizes=\"(max-width: 2736px) 100vw, 2736px\" \/>\r\n\r\n\r\n<h2> <strong>Studiolejligheder med s\u00f8udsigt<\/strong><\/h2> \r\n\r\nLejlighederne er hyggelige og velindrettede med sovepladser til 2 personer.\r\n\r\nMed egen indgang, eget k\u00f8kken og bad samt en dejlig stor terrasse med tr\u00e6havem\u00f8bler og en uforglemmelig smuk udsigt over s\u00f8en. \r\n\r\nDet perfekte sted at nyde solnedgangen til en lille tapas og et godt glas spansk vin.\r\n\r\n<h2> Her er noget for enhver livsnyder<\/h2> \r\nOm s\u00e5 man v\u00e6lger at slappe af under sydens sol og nyde freden i det andalusiske indland.\r\n\r\nEller at kaste sig ud i nogle af de utallige aktiviteter, vandreture og andre muligheder som naturen og hele omr\u00e5det byder p\u00e5, og som findes lige uden for d\u00f8ren. \r\n\r\nRammerne er sat for en unik ferie i et af de smukkeste omr\u00e5der i Malaga-provinsen. \r\n\r\n\r\n<h2> <strong>Autentiske oplevelser i det \u00e6gte Spanien<\/strong><\/h2> \r\n\r\nHer kan du opleve det rigtige Andalusien, medens du ind\u00e5nder frisk og ren luft i den fineste natur. \r\n\r\nOmgivet af sm\u00e5 hvide landsbyer som summer af liv og hvor tiden virker som om, den har st\u00e5et stille i hundrede \u00e5r, og ma\u00f1ana-begrebet stadig eksisterer. \r\n\r\nHer er ikke plads til stress og jag, men istedet venlighed og livsnyderi. Men kom selv og oplev det!\r\n\r\n<p align=\"center\"><a class=\"button\" href=\"https:\/\/fincamalaga.com\/index.php\/send-os-en-foresporgsel\/?lang=da\"><span data-hover=\"Book en lejlighed\">Book en lejlighed<\/span><\/a><\/p>\r\n\r\n\r\n<img loading=\"lazy\" decoding=\"async\" src=\"https:\/\/fincamalaga.com\/wp-content\/uploads\/2019\/06\/ADVENTURER_ElTorcal2.jpg\" alt=\"El Torcal de Antequera\" width=\"640\" height=\"480\" class=\"alignnone size-full wp-image-1748\" srcset=\"https:\/\/fincamalaga.com\/wp-content\/uploads\/2019\/06\/ADVENTURER_ElTorcal2.jpg 640w, https:\/\/fincamalaga.com\/wp-content\/uploads\/2019\/06\/ADVENTURER_ElTorcal2-300x225.jpg 300w\" sizes=\"(max-width: 640px) 100vw, 640px\" \/>\r\n\r\n<a href=\"https:\/\/fincamalaga.com\/index.php\/contact\/\">book<\/a>\r\n\r\n<a href=\"https:\/\/autentical.com\">Autentical<\/a>\r\n\r\n\r\n\r\n","protected":false},"excerpt":{"rendered":"<p>El Arpa Finca Malaga ferielejligheder i Andalusiens natur Andalusisk finca i s\u00f8distriktet Fincalejligheder i den andalusiske natur Flotte studio lejligheder i et af de smukkeste naturomr\u00e5der i Malaga provinsen. Beliggende imellem s\u00f8er og bjerge t\u00e6t ved indgangen til den ber\u00f8mte Kongesti; Caminito del Rey og kun 45 min fra Malaga lufthavn. Familieejet smukt landhus renoveret [&hellip;]<\/p>\n","protected":false},"author":1,"featured_media":0,"parent":0,"menu_order":0,"comment_status":"closed","ping_status":"closed","template":"","meta":{"footnotes":""},"class_list":["post-1120","page","type-page","status-publish","hentry"],"_links":{"self":[{"href":"https:\/\/fincamalaga.com\/index.php\/wp-json\/wp\/v2\/pages\/1120"}],"collection":[{"href":"https:\/\/fincamalaga.com\/index.php\/wp-json\/wp\/v2\/pages"}],"about":[{"href":"https:\/\/fincamalaga.com\/index.php\/wp-json\/wp\/v2\/types\/page"}],"author":[{"embeddable":true,"href":"https:\/\/fincamalaga.com\/index.php\/wp-json\/wp\/v2\/users\/1"}],"replies":[{"embeddable":true,"href":"https:\/\/fincamalaga.com\/index.php\/wp-json\/wp\/v2\/comments?post=1120"}],"version-history":[{"count":10,"href":"https:\/\/fincamalaga.com\/index.php\/wp-json\/wp\/v2\/pages\/1120\/revisions"}],"predecessor-version":[{"id":2430,"href":"https:\/\/fincamalaga.com\/index.php\/wp-json\/wp\/v2\/pages\/1120\/revisions\/2430"}],"wp:attachment":[{"href":"https:\/\/fincamalaga.com\/index.php\/wp-json\/wp\/v2\/media?parent=1120"}],"curies":[{"name":"wp","href":"https:\/\/api.w.org\/{rel}","templated":true}]}}