{"id":1293,"date":"2019-05-25T07:20:29","date_gmt":"2019-05-25T07:20:29","guid":{"rendered":"http:\/\/elarpa.fincamalaga.com\/index.php\/hauptseite\/"},"modified":"2024-02-18T21:07:50","modified_gmt":"2024-02-18T21:07:50","slug":"hauptseite","status":"publish","type":"page","link":"https:\/\/fincamalaga.com\/index.php\/hauptseite\/?lang=de","title":{"rendered":"Andalusisches Bauernhaus am Seeufer beim Caminito del Rey"},"content":{"rendered":"\r\n<p>El Arpa Finca Malaga: Andalusischer Ferienwohnungen in alte reformierte Bauernhaus im Natur zwischen Seen und Berge.<\/p>\r\n<h1>Andalusische <strong>Finca<\/strong> am See<\/h1>\r\n\r\n\r\n<p><h2>Andalusische Finca im Seengebiet von Malaga<\/h2> \r\n\r\nEinzigartige Studio-Appartments in der atemberaubenden Natur von Malaga, zwischen Seen und Bergen, in der N\u00e4he des Eingangs zum K\u00f6nigsweg &#8220;Caminito del Rey&#8221; \r\n\r\nnur 45 Minuten vom Flughafen Malaga entfernt. \r\n\r\nEin wundersch\u00f6nes Bauernhaus in Familienbesitz, das mit viel Liebe restauriert wurde, wobei die traditionellen Holzbalken und dicken wei\u00dfen W\u00e4nde erhalten blieben. \r\n\r\nDas 50.000 qm gro\u00dfe Finca-Gel\u00e4nde ist mit Bio-Mandelb\u00e4umen bepflanzt und ein Weg durch den Mandelhain f\u00fchrt direkt hinunter zum See. \r\n\r\n<strong>See 150m \u0387 Restaurants 4km \u0387 Caminito del Rey 5km \u0387 Einkauf 16km \u0387 Flughafen 65km<\/strong><\/p>\r\n\r\n<p><h2>Studio-Appartments mit fantastischer Seeblick<\/h2> \r\n\r\nDie Appartments sind komfortabel und wundersch\u00f6n eingerichtet &#8211; und verf\u00fcgen \u00fcber einen Schlafbereich, eine eigene K\u00fcche und ein Badezimmer. \r\n\r\nEigener Eingang und eine sch\u00f6ne Terrasse mit Holzm\u00f6beln und atemberaubendem Panoramablick \u00fcber den See. \r\n\r\nDer perfekte Ort, um kleine spanische Tapas und ein Glas Wein zu genie\u00dfen, w\u00e4hrend die Sonne hinter dem See und den Bergen untergeht. \r\n\r\nHier k\u00f6nnen Sie das Leben genie\u00dfen, egal ob Sie sich entspannen und die Ruhe in der wundersch\u00f6nen Umgebung.\r\n\r\n unter der Sonne des S\u00fcdens genie\u00dfen m\u00f6chten &#8211; oder wenn Sie eine der vielen Aktivit\u00e4ten bevorzugen, die die Natur Ihnen bietet und die sich direkt vor den Toren der Ferienwohnungen.<\/p>\r\n\r\n<p><h2>Authentische Erlebnisse im echten Spanien<\/h2> \r\n\r\nKommen Sie um das echte Spanien zu erleben, atmen Sie die klare und frische Luft in der sch\u00f6nsten nat\u00fcrlichen Umgebung in der N\u00e4he von entz\u00fcckenden kleinen wei\u00dfget\u00fcnchten D\u00f6rfern,\r\n\r\n in denen die Zeit seit Jahrzehnten stillsteht und die &#8220;Ma\u00f1ana&#8221;-Kultur noch andauert. Freundliche Spanier ohne Stress und wer wei\u00df noch, wie man das Leben in vollen Z\u00fcgen genie\u00dft.<\/p>\r\n\r\n<p align=\"center\"><a class=\"button\" href=\"https:\/\/fincamalaga.com\/index.php\/schicken-sie-uns-eine-buchungsanfrage\/?lang=de\"><span data-hover=\"Ein Appartment auf El Arpa buchen\">Ein Appartment auf El Arpa buchen<\/span><\/a><\/p>\r\n\r\n<p align=\"center\"><a class=\"button\" href=\"https:\/\/autentical.de\/unterkunft\/\"><span data-hover=\"Andere einzigartige Unterkunfte suchen\">Andere einzigartige Unterkunfte suchen<\/span><\/a><\/p>\r\n\r\n\r\n\r\n\r\n<a href=\"https:\/\/fincamalaga.com\/index.php\/contact\/\">book<\/a>\r\n\r\n<a href=\"https:\/\/autentical.com\">Autentical<\/a>\r\n\r\n","protected":false},"excerpt":{"rendered":"<p>El Arpa Finca Malaga: Andalusischer Ferienwohnungen in alte reformierte Bauernhaus im Natur zwischen Seen und Berge. Andalusische Finca am See Andalusische Finca im Seengebiet von Malaga Einzigartige Studio-Appartments in der atemberaubenden Natur von Malaga, zwischen Seen und Bergen, in der N\u00e4he des Eingangs zum K\u00f6nigsweg &#8220;Caminito del Rey&#8221; nur 45 Minuten vom Flughafen Malaga entfernt. [&hellip;]<\/p>\n","protected":false},"author":1,"featured_media":0,"parent":0,"menu_order":0,"comment_status":"closed","ping_status":"closed","template":"","meta":{"footnotes":""},"class_list":["post-1293","page","type-page","status-publish","hentry"],"_links":{"self":[{"href":"https:\/\/fincamalaga.com\/index.php\/wp-json\/wp\/v2\/pages\/1293"}],"collection":[{"href":"https:\/\/fincamalaga.com\/index.php\/wp-json\/wp\/v2\/pages"}],"about":[{"href":"https:\/\/fincamalaga.com\/index.php\/wp-json\/wp\/v2\/types\/page"}],"author":[{"embeddable":true,"href":"https:\/\/fincamalaga.com\/index.php\/wp-json\/wp\/v2\/users\/1"}],"replies":[{"embeddable":true,"href":"https:\/\/fincamalaga.com\/index.php\/wp-json\/wp\/v2\/comments?post=1293"}],"version-history":[{"count":10,"href":"https:\/\/fincamalaga.com\/index.php\/wp-json\/wp\/v2\/pages\/1293\/revisions"}],"predecessor-version":[{"id":2431,"href":"https:\/\/fincamalaga.com\/index.php\/wp-json\/wp\/v2\/pages\/1293\/revisions\/2431"}],"wp:attachment":[{"href":"https:\/\/fincamalaga.com\/index.php\/wp-json\/wp\/v2\/media?parent=1293"}],"curies":[{"name":"wp","href":"https:\/\/api.w.org\/{rel}","templated":true}]}}