{"id":1309,"date":"2019-05-25T13:16:54","date_gmt":"2019-05-25T13:16:54","guid":{"rendered":"http:\/\/elarpa.fincamalaga.com\/index.php\/erleben\/"},"modified":"2024-04-23T13:25:37","modified_gmt":"2024-04-23T13:25:37","slug":"erleben","status":"publish","type":"page","link":"https:\/\/fincamalaga.com\/index.php\/erleben\/?lang=de","title":{"rendered":"Erleben"},"content":{"rendered":"\r\n<p>Adventure &amp; aktivit\u00e4ten bei die Seen und in die Berge n\u00e4he an das K\u00f6nigsweb Caminito del Rey<\/p>\r\n","protected":false},"excerpt":{"rendered":"<p>Adventure &amp; aktivit\u00e4ten bei die Seen und in die Berge n\u00e4he an das K\u00f6nigsweb Caminito del Rey<\/p>\n","protected":false},"author":1,"featured_media":0,"parent":0,"menu_order":0,"comment_status":"closed","ping_status":"closed","template":"","meta":{"footnotes":""},"class_list":["post-1309","page","type-page","status-publish","hentry"],"aioseo_notices":[],"_links":{"self":[{"href":"https:\/\/fincamalaga.com\/index.php\/wp-json\/wp\/v2\/pages\/1309"}],"collection":[{"href":"https:\/\/fincamalaga.com\/index.php\/wp-json\/wp\/v2\/pages"}],"about":[{"href":"https:\/\/fincamalaga.com\/index.php\/wp-json\/wp\/v2\/types\/page"}],"author":[{"embeddable":true,"href":"https:\/\/fincamalaga.com\/index.php\/wp-json\/wp\/v2\/users\/1"}],"replies":[{"embeddable":true,"href":"https:\/\/fincamalaga.com\/index.php\/wp-json\/wp\/v2\/comments?post=1309"}],"version-history":[{"count":16,"href":"https:\/\/fincamalaga.com\/index.php\/wp-json\/wp\/v2\/pages\/1309\/revisions"}],"predecessor-version":[{"id":2478,"href":"https:\/\/fincamalaga.com\/index.php\/wp-json\/wp\/v2\/pages\/1309\/revisions\/2478"}],"wp:attachment":[{"href":"https:\/\/fincamalaga.com\/index.php\/wp-json\/wp\/v2\/media?parent=1309"}],"curies":[{"name":"wp","href":"https:\/\/api.w.org\/{rel}","templated":true}]}}