{"id":1357,"date":"2019-05-25T16:14:08","date_gmt":"2019-05-25T16:14:08","guid":{"rendered":"http:\/\/elarpa.fincamalaga.com\/index.php\/bewertungen\/"},"modified":"2019-06-28T13:38:33","modified_gmt":"2019-06-28T13:38:33","slug":"bewertungen","status":"publish","type":"page","link":"https:\/\/fincamalaga.com\/index.php\/bewertungen\/?lang=de","title":{"rendered":"Nimm nicht unser Wort daf\u00fcr. H\u00f6ren Sie unseren G\u00e4sten zu&#8230;"},"content":{"rendered":"\r\n<p style=\"text-align:left\"><em>Angelika &amp; Markus am See w\u00e4hrend ihres Aufenhalts&nbsp;hier<\/em><\/p>\r\n\r\n\r\n\r\n<p><\/p>\r\n\r\n\r\n\r\n<h2 class=\"wp-block-heading\">Unsere G\u00e4ste sagen:<\/h2>\r\n","protected":false},"excerpt":{"rendered":"<p>Angelika &amp; Markus am See w\u00e4hrend ihres Aufenhalts&nbsp;hier Unsere G\u00e4ste sagen:<\/p>\n","protected":false},"author":1,"featured_media":1725,"parent":0,"menu_order":0,"comment_status":"closed","ping_status":"closed","template":"page-guest-book.php","meta":{"footnotes":""},"class_list":["post-1357","page","type-page","status-publish","has-post-thumbnail","hentry"],"aioseo_notices":[],"_links":{"self":[{"href":"https:\/\/fincamalaga.com\/index.php\/wp-json\/wp\/v2\/pages\/1357"}],"collection":[{"href":"https:\/\/fincamalaga.com\/index.php\/wp-json\/wp\/v2\/pages"}],"about":[{"href":"https:\/\/fincamalaga.com\/index.php\/wp-json\/wp\/v2\/types\/page"}],"author":[{"embeddable":true,"href":"https:\/\/fincamalaga.com\/index.php\/wp-json\/wp\/v2\/users\/1"}],"replies":[{"embeddable":true,"href":"https:\/\/fincamalaga.com\/index.php\/wp-json\/wp\/v2\/comments?post=1357"}],"version-history":[{"count":6,"href":"https:\/\/fincamalaga.com\/index.php\/wp-json\/wp\/v2\/pages\/1357\/revisions"}],"predecessor-version":[{"id":1730,"href":"https:\/\/fincamalaga.com\/index.php\/wp-json\/wp\/v2\/pages\/1357\/revisions\/1730"}],"wp:featuredmedia":[{"embeddable":true,"href":"https:\/\/fincamalaga.com\/index.php\/wp-json\/wp\/v2\/media\/1725"}],"wp:attachment":[{"href":"https:\/\/fincamalaga.com\/index.php\/wp-json\/wp\/v2\/media?parent=1357"}],"curies":[{"name":"wp","href":"https:\/\/api.w.org\/{rel}","templated":true}]}}