{"id":1479,"date":"2019-05-28T17:04:19","date_gmt":"2019-05-28T17:04:19","guid":{"rendered":"https:\/\/fincamalaga.com\/?page_id=1479"},"modified":"2024-02-18T21:04:53","modified_gmt":"2024-02-18T21:04:53","slug":"finnish","status":"publish","type":"page","link":"https:\/\/fincamalaga.com\/index.php\/finnish\/","title":{"rendered":"J\u00e4rven rannalla Andalusian Finca l\u00e4hell\u00e4 Caminito del Rey"},"content":{"rendered":"<p>Kauniit loma-asunnot isolla terassilla ja j\u00e4rvimaisemalla kunnostetussa andalusialaisessa maalaistalossa j\u00e4rvialueella<\/p>\n<p>Andalusialaisessa maalaistalossa j\u00e4rvialueella<\/p>\n<p><strong>Kauniit loma-asunnot isolla terassilla ja j\u00e4rvimaisemalla kunnostetussa andalusialaisessa maalaistalossa j\u00e4rvialueella.<\/strong><\/p>\n<p>Kaunis maalaistalo on restauroitu ja antaa mahdollisuuden heng\u00e4ht\u00e4\u00e4 yhdell\u00e4 Andalusian rauhallisimmista ja ainutlaatuisimmista alueista \u201dEmbalse de Guadalhorce\u201d \u2013 j\u00e4rven rannalla vain 45 min. p\u00e4\u00e4ss\u00e4 Malagan lentokent\u00e4lt\u00e4. T\u00e4\u00e4ll\u00e4 voit nauttia hiljaisuudesta tai haastaa itsesi urheilun parissa upeissa puitteissa. Todellinen paratiisi niille, jotka nauttivat aktiivisesta el\u00e4m\u00e4st\u00e4.<\/p>\n<p>El Arpa tarjoaa 2 hengen loma-asuntoja viheralueella 50.000 m2 tilalla ulottuen j\u00e4rvelle saakka. T\u00e4\u00e4ll\u00e4 voit nauttia el\u00e4m\u00e4st\u00e4 halusit sitten rentoutua kauniissa ymp\u00e4rist\u00f6ss\u00e4 etel\u00e4n auringon alla nauttien rauhasta \u2013 tai hy\u00f6dynt\u00e4\u00e4 monipuolisia ulkoilma \u2013 aktiviteetteja loma-asuntojen v\u00e4litt\u00f6m\u00e4ss\u00e4 l\u00e4heisyydess\u00e4.<\/p>\n<p>Uskomaton mahdollisuus kokea ainutlaatuinen loma yhdell\u00e4 Malagan kauneimmista alueista. Tule ja koe todellinen Espanja: hengit\u00e4 raikasta ilmaa keskell\u00e4 upeinta luontoa l\u00e4hell\u00e4 ihastuttavia valkoisia pikkukyli\u00e4.<\/p>\n<h1>Malagan j\u00e4rvialue ja kuninkaan pieni polku &#8220;Caminito del Rey&#8221;<\/h1>\n<p><strong>Andalusialainen Finca j\u00e4rven rannalla ilman muuta taloa n\u00e4kyviss\u00e4<\/strong><\/p>\n<p>Ainutlaatuiset studiot sijaitsevat Malagan upeimmassa luonnossa, j\u00e4rvien ja vuorten v\u00e4liss\u00e4, King&#8217;s Little Walkwayn &#8220;Caminito del Rey&#8221; sis\u00e4\u00e4nk\u00e4ynnin vieress\u00e4 ja vain 45 min. Malagan lentokent\u00e4lt\u00e4. Kaunis perheomisteinen maalaistalo, joka on kunnostettu ymp\u00e4rist\u00f6\u00e4 ja perinteisi\u00e4 rakennuksia kunnioittaen puupalkeilla ja paksuilla valkoisilla seinill\u00e4. 50 000 neli\u00f6metrin Finca on istutettu luomumantelipuilla ja polku mantelilehdon l\u00e4pi vie sinut alas j\u00e4rvelle.<\/p>\n<p><strong>J\u00e4rvi 150 m \u00b7 Ravintolat 4 km \u00b7 Caminito del Rey 5 km \u00b7 Ostokset 16 km \u00b7 Lentokentt\u00e4 65 km<\/strong><\/p>\n<p><strong>Studiohuoneistot j\u00e4rvin\u00e4k\u00f6alalla<\/strong><\/p>\n<p>Itsepalveluhuoneistot ovat viihtyisi\u00e4 ja kauniisti sisustettuja, ja niiss\u00e4 on makuutila, oma keitti\u00f6 ja kylpyhuone. Oma sis\u00e4\u00e4nk\u00e4ynti ja kaunis terassi puisilla huonekaluilla ja henke\u00e4salpaavilla panoraaman\u00e4kymill\u00e4 j\u00e4rvelle. T\u00e4ydellinen paikka nauttia pienist\u00e4 espanjalaisista tapaksista ja lasillisesta viini\u00e4 auringon laskiessa j\u00e4rven ja vuorten taakse.<\/p>\n<p>T\u00e4\u00e4ll\u00e4 voit nauttia el\u00e4m\u00e4st\u00e4, halusitpa sitten rentoutua ja nauttia rauhasta kauniissa ymp\u00e4rist\u00f6ss\u00e4 etel\u00e4isen auringon alla &#8211; tai jos haluat k\u00e4ytt\u00e4\u00e4 yht\u00e4 monista luonnon tarjoamista aktiviteeteista, joka on aivan hotellin oven ulkopuolella. loma-asuntoja.<\/p>\n<p><strong>Aitoja kokemuksia aidossa Espanjassa<\/strong><\/p>\n<p>Tule ja koe todellinen Espanja, hengit\u00e4 puhdasta ja raitista ilmaa hienoimmassa luonnonymp\u00e4rist\u00f6ss\u00e4 l\u00e4hell\u00e4 ihastuttavia pieni\u00e4 valkoiseksi kalkittuja kyli\u00e4, joissa aika on pys\u00e4htynyt vuosikymmeni\u00e4 ja &#8220;ma\u00f1ana&#8221;-kulttuuri jatkuu edelleen. Yst\u00e4v\u00e4lliset espanjalaiset ihmiset, joilla ei ole stressi\u00e4 ja jotka osaavat silti el\u00e4\u00e4 t\u00e4ysill\u00e4.<\/p>\n<p align=\"center\">[painike<br \/>\nlink=&#8221;https:\/\/fincamalaga.com\/index.php\/contact\/&#8221;]Varaa asunto[\/button]<\/p>\n<p>Malagan <strong>j\u00e4rvialue<\/strong><\/p>\n<p><strong>100 % puhdasta luontoa kaikkialla<\/strong><\/p>\n<p>Finca el Arpa sijaitsee j\u00e4rvien ja vuorten v\u00e4liss\u00e4 Andalusian upeimmassa luonnossa. Ymp\u00e4r\u00f6iv\u00e4t oliivitarhat, pienet valkoiseksi kalkitut kyl\u00e4t, korkeat vuoret ja matalat laaksot. Yli 100 vuoden ajan piilotettu paikka oliivi- ja lampaankasvattajille, jota yhdist\u00e4\u00e4 vain yksi yksinkertainen rautatie. Ainoa maalaistalo oli j\u00e4ljell\u00e4, kun padot rakennettiin 1970-luvulla ja syntyi 3 j\u00e4rve\u00e4. Siin\u00e4 asui 3 perhett\u00e4, jotka eliv\u00e4t lammas- ja oliivinviljelyst\u00e4, ja se oli yksi alueen suurimmista tiloista valtavalla maa-alalla. Nyky\u00e4\u00e4n Finca el Arpa koostuu vain viidest\u00e4 hehtaarista, joka on kasvanut vanhoilla kurvivilla mantelipuilla, ja talosta, jossa on paksut kivisein\u00e4t, t\u00e4ynn\u00e4 charmia ja tarinoita. Voit edelleen l\u00f6yt\u00e4\u00e4 oliiveja ja lampaita, mutta nyt on teit\u00e4 ja alue tunnetaan eritt\u00e4in hyvin Kuninkaan pikkupolusta (Caminito del Rey) ja yhten\u00e4 Malagan kauneimmista paikoista. Caminito del Rey on kunnostettu, jotta on mahdollista k\u00e4vell\u00e4 vuorten v\u00e4lisess\u00e4 rotkossa, aivan kuten kuningas Alfonso XIII teki 1920-luvulla. Finca el Arpa sijaitsee vain 4 km:n p\u00e4\u00e4ss\u00e4 Caminito del Reyn p\u00e4\u00e4sis\u00e4\u00e4nk\u00e4ynnist\u00e4. Ja keskeisesti suurten kulttuurikaupunkien Cordoban, Granadan, Sevillan, Malagan ja Rondan v\u00e4liss\u00e4.<\/p>\n<p>Kuninkaan pieni polku<br \/>\nSe tunnettiin aiemmin maailman vaarallisimpana k\u00e4velyreittin\u00e4. Caminito del Rey kunnostettiin vuonna 2014 ja on nyt avattu uudelleen. Sis\u00e4\u00e4nk\u00e4ynti on vain 4 km:n p\u00e4\u00e4ss\u00e4 El Arpasta.<\/p>\n<h2>El Torcal de Antequera<\/h2>\n<p>Vaellusreitit t\u00e4ysin ainutlaatuisten kalliomuodostelmien l\u00e4pi &#8211; upea luontokokemus. Aivan Antequeran ulkopuolella, keskell\u00e4 Andalusiaa, El Torcalin kansallispuisto sijaitsee vuoren huipulla, josta on n\u00e4kym\u00e4t Malagaan ja V\u00e4limerelle selke\u00e4n\u00e4 p\u00e4iv\u00e4n\u00e4.<\/p>\n<p> ><\/p>\n<h2>Flamingo-laguunit<\/h2>\n<p>Laguna Fuente de Piedra on luonnollinen turvapaikka tuhansille luonnonvaraisille flamingoille ja monille muille kahlaajille.<\/p>\n<h2>Malagan j\u00e4rvialue<\/h2>\n<p>Finca el Arpan edess\u00e4 on rauhallinen pieni ranta, jossa on aurinkotuoleja ja hyv\u00e4t mahdollisuudet uida j\u00e4rven rannalla. Muiden j\u00e4rvien varrella voit vuokrata kajakkeja, vesipy\u00f6ri\u00e4 ja harrastaa muuta vesiurheilua.<\/p>\n<h2>Andalusian t\u00e4rkeimm\u00e4t kulttuurin\u00e4ht\u00e4vyydet<\/h2>\n<p>Suuret kaupungit Cordoba, M\u00e1laga, Sevilla, Granada ja Ronda p\u00e4\u00e4see hyv\u00e4ll\u00e4 p\u00e4iv\u00e4retkell\u00e4. Heill\u00e4 on rajattomat mahdollisuudet tutustua espanjalaiseen kulttuuriin, arkkitehtuuriin ja historiaan.<\/p>\n<h2>Andalusian valkoistetut pienet kyl\u00e4t<\/h2>\n<p>\u00c4l\u00e4 missaa pieni\u00e4 kyli\u00e4 (pueblos), joissa on kaikki vieh\u00e4tys ja hiljainen el\u00e4m\u00e4. Ardalesin, Carratracan, Teban ja Aloran kyl\u00e4t ovat miellytt\u00e4vi\u00e4 paikkoja l\u00e4hell\u00e4 El Arpaa.<\/p>\n<p align=\"center\">[painike<br \/>\nlink=&#8221;https:\/\/fincamalaga.com\/index.php\/contact\/&#8221;]Varaa asunto[\/button]<\/p>\n<p><a href=\"https:\/\/fincamalaga.com\/index.php\/contact\/\">kirja<\/a><\/p>\n<p><a href=\"https:\/\/autentical.com\">Aito<\/a><\/p>\n","protected":false},"excerpt":{"rendered":"<p>Kauniit loma-asunnot isolla terassilla ja j\u00e4rvimaisemalla kunnostetussa andalusialaisessa maalaistalossa j\u00e4rvialueella Andalusialaisessa maalaistalossa j\u00e4rvialueella Kauniit loma-asunnot isolla terassilla ja j\u00e4rvimaisemalla kunnostetussa andalusialaisessa maalaistalossa j\u00e4rvialueella. Kaunis maalaistalo on restauroitu ja antaa mahdollisuuden heng\u00e4ht\u00e4\u00e4 yhdell\u00e4 Andalusian rauhallisimmista ja ainutlaatuisimmista alueista \u201dEmbalse de Guadalhorce\u201d \u2013 j\u00e4rven rannalla vain 45 min. p\u00e4\u00e4ss\u00e4 Malagan lentokent\u00e4lt\u00e4. T\u00e4\u00e4ll\u00e4 voit nauttia hiljaisuudesta tai haastaa [&hellip;]<\/p>\n","protected":false},"author":1,"featured_media":0,"parent":0,"menu_order":0,"comment_status":"closed","ping_status":"closed","template":"","meta":{"footnotes":""},"class_list":["post-1479","page","type-page","status-publish","hentry"],"_links":{"self":[{"href":"https:\/\/fincamalaga.com\/index.php\/wp-json\/wp\/v2\/pages\/1479"}],"collection":[{"href":"https:\/\/fincamalaga.com\/index.php\/wp-json\/wp\/v2\/pages"}],"about":[{"href":"https:\/\/fincamalaga.com\/index.php\/wp-json\/wp\/v2\/types\/page"}],"author":[{"embeddable":true,"href":"https:\/\/fincamalaga.com\/index.php\/wp-json\/wp\/v2\/users\/1"}],"replies":[{"embeddable":true,"href":"https:\/\/fincamalaga.com\/index.php\/wp-json\/wp\/v2\/comments?post=1479"}],"version-history":[{"count":5,"href":"https:\/\/fincamalaga.com\/index.php\/wp-json\/wp\/v2\/pages\/1479\/revisions"}],"predecessor-version":[{"id":2425,"href":"https:\/\/fincamalaga.com\/index.php\/wp-json\/wp\/v2\/pages\/1479\/revisions\/2425"}],"wp:attachment":[{"href":"https:\/\/fincamalaga.com\/index.php\/wp-json\/wp\/v2\/media?parent=1479"}],"curies":[{"name":"wp","href":"https:\/\/api.w.org\/{rel}","templated":true}]}}