{"id":2350,"date":"2024-02-11T21:13:36","date_gmt":"2024-02-11T21:13:36","guid":{"rendered":"https:\/\/fincamalaga.com\/?page_id=2350"},"modified":"2024-02-18T21:05:31","modified_gmt":"2024-02-18T21:05:31","slug":"svensk","status":"publish","type":"page","link":"https:\/\/fincamalaga.com\/index.php\/svensk\/?lang=da","title":{"rendered":"Andalusisk finca vid sj\u00f6n n\u00e4ra Kungsv\u00e4gen Caminito del Rey"},"content":{"rendered":"\r\n<h1>Andalusisk <strong>finca<\/strong> i sj\u00f6distriktet<\/h1>\r\n\r\n\r\n<p><h2><strong>Fincal\u00e4genheter i andalusisk natur<\/strong><\/h2>\r\n\r\n\r\n\r\n\r\nVackra studiol\u00e4genheter i ett av de vackraste naturomr\u00e5dena i Malaga-provinsen.\r\n\r\nBel\u00e4get mellan sj\u00f6ar och berg n\u00e4ra ing\u00e5ngen till den ber\u00f6mda Kongesti; Caminito del Rey och bara 45 min fr\u00e5n Malaga flygplats.\r\n\r\nVackert familje\u00e4gt hus p\u00e5 landet renoverat med respekt f\u00f6r naturen och den traditionella byggstilen med tr\u00e4bj\u00e4lkar och tjocka stenv\u00e4ggar.\r\n\r\nDen 5 hektar stora tomten \u00e4r delvis planterad med ekologiska mandeltr\u00e4d och en liten stig leder f\u00f6rbi en av mandellundarna ner till den vackra sj\u00f6n.\r\n\r\n<strong>Sj\u00f6 150 m \u00b7 Restauranger 4 km \u00b7 Caminito del Rey 5 km \u00b7 Shopping 16 km \u00b7 Flygplats 65 km<\/strong>\r\n\r\n\r\n<img loading=\"lazy\" decoding=\"async\" src=\"https:\/\/fincamalaga.com\/wp-content\/uploads\/2019\/06\/Damian_Scott_4446_red.jpg\" alt=\"Caminito del Rey\" width=\"2736\" height=\"1824\" class=\"alignnone size- full wp-image-1765\" srcset=\"https:\/\/fincamalaga.com\/wp-content\/uploads\/2019\/06\/Damian_Scott_4446_red.jpg 2736w, https:\/\/fincamalaga.com\/wp-content\/uploads\/2019\/06\/Damian_Scott_4446_red-300x200.jpg 300w, https:\/\/fincamalaga.com\/wp-content\/uploads\/2019\/06\/Damian_Scott_4446_red-768x512.jpg 768w, https:\/\/fincamalaga.com\/wp-content\/uploads\/2019\/06\/Damian_Scott_4446_red-1024x683.jpg 1024w, https:\/\/fincamalaga.com\/wp-content\/uploads\/2019\/06\/Damian_Scott_4446_red-900x600.jpg 900w\" sizes=\"(max-width: 2736px) 100vw, 2736px\" \/>\r\n\r\n\r\n<h2> <strong>Studiol\u00e4genheter med sj\u00f6utsikt<\/strong><\/h2>\r\n\r\nL\u00e4genheterna \u00e4r mysiga och v\u00e4lm\u00f6blerade med sovplatser f\u00f6r 2 personer.\r\n\r\nMed egen ing\u00e5ng, eget k\u00f6k och badrum samt en h\u00e4rlig stor terrass med tr\u00e4dg\u00e5rdsm\u00f6bler i tr\u00e4 och en of\u00f6rgl\u00f6mlig vacker utsikt \u00f6ver sj\u00f6n.\r\n\r\nDet perfekta st\u00e4llet att njuta av solnedg\u00e5ngen med lite tapas och ett gott glas spanskt vin.\r\n\r\n<h2> H\u00e4r finns n\u00e5got f\u00f6r alla som \u00e4lskar livet<\/h2>\r\nOm du v\u00e4ljer att koppla av under s\u00f6dra solen och njuta av lugnet i det andalusiska inlandet.\r\n\r\nEller att kasta sig ut i n\u00e5gra av de otaliga aktiviteter, vandringar och andra m\u00f6jligheter som naturen och hela omr\u00e5det erbjuder, och som finns precis utanf\u00f6r d\u00f6rren.\r\n\r\nInst\u00e4llningen \u00e4r inst\u00e4lld f\u00f6r en unik semester i ett av de vackraste omr\u00e5dena i Malaga-provinsen.\r\n\r\n\r\n<h2> <strong>Autentiska upplevelser i det riktiga Spanien<\/strong><\/h2>\r\n\r\nH\u00e4r kan du uppleva det riktiga Andalusien, samtidigt som du andas frisk och ren luft i den finaste naturen.\r\n\r\nOmgiven av sm\u00e5 vita byar som surrar av liv och d\u00e4r tiden verkar ha st\u00e5tt stilla i hundra \u00e5r och begreppet ma\u00f1ana fortfarande existerar.\r\n\r\nDet finns ingen plats f\u00f6r stress och br\u00e5ttom, utan ist\u00e4llet v\u00e4nlighet och livsnjutning. Men kom och upplev det sj\u00e4lv!\r\n\r\n<p align=\"center\"><a class=\"button\" href=\"https:\/\/fincamalaga.com\/index.php\/send-os-en-foresporgsel\/?lang=da\"><span data-hover=\"Boka en l\u00e4genhet\">Boka en l\u00e4genhet<\/span><\/a><\/p>\r\n\r\n\r\n<img loading=\"lazy\" decoding=\"async\" src=\"https:\/\/fincamalaga.com\/wp-content\/uploads\/2019\/06\/ADVENTURER_ElTorcal2.jpg\" alt=\"El Torcal de Antequera\" width=\"640\" height=\"480\" class=\"alignnone storlek -full wp-image-1748\" srcset=\"https:\/\/fincamalaga.com\/wp-content\/uploads\/2019\/06\/ADVENTURER_ElTorcal2.jpg 640w, https:\/\/fincamalaga.com\/wp-content\/uploads\/2019\/06\/ADVENTURER_ElTorcal2-300x225.jpg 300w\" sizes=\"(max-width: 640px) 100vw, 640px\" \/>\r\n\r\n<a href=\"https:\/\/fincamalaga.com\/index.php\/contact\/\">bok<\/a>\r\n\r\n<a href=\"https:\/\/authentic.com\">Autentisk<\/a>\r\n","protected":false},"excerpt":{"rendered":"<p>Andalusisk finca i sj\u00f6distriktet Fincal\u00e4genheter i andalusisk natur Vackra studiol\u00e4genheter i ett av de vackraste naturomr\u00e5dena i Malaga-provinsen. Bel\u00e4get mellan sj\u00f6ar och berg n\u00e4ra ing\u00e5ngen till den ber\u00f6mda Kongesti; Caminito del Rey och bara 45 min fr\u00e5n Malaga flygplats. Vackert familje\u00e4gt hus p\u00e5 landet renoverat med respekt f\u00f6r naturen och den traditionella byggstilen med tr\u00e4bj\u00e4lkar [&hellip;]<\/p>\n","protected":false},"author":1,"featured_media":0,"parent":0,"menu_order":0,"comment_status":"closed","ping_status":"closed","template":"","meta":{"footnotes":""},"class_list":["post-2350","page","type-page","status-publish","hentry"],"_links":{"self":[{"href":"https:\/\/fincamalaga.com\/index.php\/wp-json\/wp\/v2\/pages\/2350"}],"collection":[{"href":"https:\/\/fincamalaga.com\/index.php\/wp-json\/wp\/v2\/pages"}],"about":[{"href":"https:\/\/fincamalaga.com\/index.php\/wp-json\/wp\/v2\/types\/page"}],"author":[{"embeddable":true,"href":"https:\/\/fincamalaga.com\/index.php\/wp-json\/wp\/v2\/users\/1"}],"replies":[{"embeddable":true,"href":"https:\/\/fincamalaga.com\/index.php\/wp-json\/wp\/v2\/comments?post=2350"}],"version-history":[{"count":5,"href":"https:\/\/fincamalaga.com\/index.php\/wp-json\/wp\/v2\/pages\/2350\/revisions"}],"predecessor-version":[{"id":2427,"href":"https:\/\/fincamalaga.com\/index.php\/wp-json\/wp\/v2\/pages\/2350\/revisions\/2427"}],"wp:attachment":[{"href":"https:\/\/fincamalaga.com\/index.php\/wp-json\/wp\/v2\/media?parent=2350"}],"curies":[{"name":"wp","href":"https:\/\/api.w.org\/{rel}","templated":true}]}}