{"id":2352,"date":"2024-02-11T21:35:09","date_gmt":"2024-02-11T21:35:09","guid":{"rendered":"https:\/\/fincamalaga.com\/?page_id=2352"},"modified":"2024-02-18T21:04:07","modified_gmt":"2024-02-18T21:04:07","slug":"estonian","status":"publish","type":"page","link":"https:\/\/fincamalaga.com\/index.php\/estonian\/","title":{"rendered":"Andaluusia j\u00e4rve\u00e4\u00e4rne talumaja Caminito del Rey raja l\u00e4hedal"},"content":{"rendered":"\r\n<h1>Andaluusia <strong>finca<\/strong> j\u00e4rvepiirkonnas<\/h1>\r\n\r\n\r\n<p><h2><strong>Finca korterid Andaluusia looduses<\/strong><\/h2>\r\n\r\n\r\n\r\n\r\nIlusad stuudiokorterid Malaga provintsi \u00fches kaunimas looduspiirkonnas.\r\n\r\nAsub vee ja fjelli vahel just tuntud Kongesti sissep\u00e4\u00e4su juures; Caminito del Rey ja vaid 45 minuti kaugusel Malaga lennujaamast.\r\n\r\nLoodust ja traditsioonilist ehitusstiili austades renoveeritud kaunis, puittalade ja paksude kiviseintega maamaja.\r\n\r\n5 hektari suurune krunt on osaliselt istutatud mahemandlipuudega ja v\u00e4ike rada viib \u00fchest mandlisalust alla kauni j\u00e4rve \u00e4\u00e4rde.\r\n\r\n<strong>Meri 150 m \u00b7 Restoranid 4 km \u00b7 Caminito del Rey 5 km \u00b7 Ostlemine 16 km \u00b7 Lennujaam 65 km<\/strong>\r\n\r\n\r\n<img loading=\"lazy\" decoding=\"async\" src=\"https:\/\/fincamalaga.com\/wp-content\/uploads\/2019\/06\/Damian_Scott_4446_red.jpg\" alt=\"Caminito del Rey\" width=\"2736\" height=\"1824\" class=\"alignnone size- t\u00e4ielik wp-image-1765\" srcset=\"https:\/\/fincamalaga.com\/wp-content\/uploads\/2019\/06\/Damian_Scott_4446_red.jpg 2736w, https:\/\/fincamalaga.com\/wp-content\/uploads\/2019\/06\/Damian_Scott_4446_red-300x200.jpg 300w, https:\/\/fincamalaga.com\/wp-content\/uploads\/2019\/06\/Damian_Scott_4446_red-768x512.jpg 768w, https:\/\/fincamalaga.com\/wp-content\/uploads\/2019\/06\/Damian_Scott_4446_red-1024x683.jpg 1024w, https:\/\/fincamalaga.com\/wp-content\/uploads\/2019\/06\/Damian_Scott_4446_red-900x600.jpg 900w\" sizes=\"(max-width: 2736px) 100vw, 2736px\" \/>\r\n\r\n\r\n<h2> <strong>J\u00e4rvevaatega stuudiokorterid<\/strong><\/h2>\r\n\r\nKorterid on hubased ja h\u00e4sti sisustatud, magamiskohtadega 2 inimesele.\r\n\r\nEraldi sissep\u00e4\u00e4su, oma k\u00f6\u00f6gi ja vannitoaga ning armsa suure terrassiga puidust aiam\u00f6\u00f6bliga ja unustamatu kauni vaatega j\u00e4rvele.\r\n\r\nIdeaalne koht p\u00e4ikeseloojangu nautimiseks koos tapase ja klaasi hea Hispaania veiniga.\r\n\r\n<h2> Siin on midagi k\u00f5igile, kes armastavad elu<\/h2>\r\nKui otsustate l\u00f5\u00f5gastuda l\u00f5unap\u00e4ikese all ja nautida Andaluusia sisemaa rahu.\r\n\r\nV\u00f5i heita end osa lugematutest tegevustest, matkadest ja muudest v\u00f5imalustest, mida loodus ja kogu piirkond pakuvad ning mis on kohe ukse taga.\r\n\r\nRaamistik on loodud ainulaadseks puhkuseks Malaga provintsi \u00fches kaunimas piirkonnas.\r\n\r\n\r\n<h2> <strong>Autentsed kogemused p\u00e4ris Hispaanias<\/strong><\/h2>\r\n\r\nSiin saate kogeda t\u00f5elist Andaluusiat, hingates samal ajal v\u00e4rsket ja puhast \u00f5hku parimas looduses.\r\n\r\n\u00dcmbritsetud v\u00e4ikestest valgetest k\u00fcladest, mis kihavad elust ja kus aeg n\u00e4ib olevat sada aastat seisma j\u00e4\u00e4nud ja termin ma\u00f1ana on endiselt olemas.\r\n\r\nSee pole stressi ja kiirustamise koht, vaid hoopis s\u00f5bralikkus ja elur\u00f5\u00f5m. Aga tule ja koge seda ise!\r\n\r\n<p align=\"center\"><a class=\"button\" href=\"https:\/\/fincamalaga.com\/index.php\/send-os-en-foresporgsel\/?lang=da\"><span data-hover=\"Broneerige korter\">Broneerige korter<\/span><\/a><\/p>\r\n\r\n\r\n<img loading=\"lazy\" decoding=\"async\" src=\"https:\/\/fincamalaga.com\/wp-content\/uploads\/2019\/06\/ADVENTURER_ElTorcal2.jpg\" alt=\"El Torcal de Antequera\" width=\"640\" height=\"480\" class=\"alignnone size\" -full wp-image-1748\" srcset=\"https:\/\/fincamalaga.com\/wp-content\/uploads\/2019\/06\/ADVENTURER_ElTorcal2.jpg 640w, https:\/\/fincamalaga.com\/wp-content\/uploads\/2019\/06\/ADVENTURER_ElTorcal2-300x225.jpg 300w\" sizes=\"(max-width: 640px) 100vw, 640px\" \/>\r\n\r\n<a href=\"https:\/\/fincamalaga.com\/index.php\/contact\/\">raamat<\/a>\r\n\r\n<a href=\"https:\/\/authentic.com\">Autentsed<\/a>\r\n\u200b\r\n","protected":false},"excerpt":{"rendered":"<p>Andaluusia finca j\u00e4rvepiirkonnas Finca korterid Andaluusia looduses Ilusad stuudiokorterid Malaga provintsi \u00fches kaunimas looduspiirkonnas. Asub vee ja fjelli vahel just tuntud Kongesti sissep\u00e4\u00e4su juures; Caminito del Rey ja vaid 45 minuti kaugusel Malaga lennujaamast. Loodust ja traditsioonilist ehitusstiili austades renoveeritud kaunis, puittalade ja paksude kiviseintega maamaja. 5 hektari suurune krunt on osaliselt istutatud mahemandlipuudega ja [&hellip;]<\/p>\n","protected":false},"author":1,"featured_media":42,"parent":0,"menu_order":0,"comment_status":"closed","ping_status":"closed","template":"","meta":{"footnotes":""},"class_list":["post-2352","page","type-page","status-publish","has-post-thumbnail","hentry"],"_links":{"self":[{"href":"https:\/\/fincamalaga.com\/index.php\/wp-json\/wp\/v2\/pages\/2352"}],"collection":[{"href":"https:\/\/fincamalaga.com\/index.php\/wp-json\/wp\/v2\/pages"}],"about":[{"href":"https:\/\/fincamalaga.com\/index.php\/wp-json\/wp\/v2\/types\/page"}],"author":[{"embeddable":true,"href":"https:\/\/fincamalaga.com\/index.php\/wp-json\/wp\/v2\/users\/1"}],"replies":[{"embeddable":true,"href":"https:\/\/fincamalaga.com\/index.php\/wp-json\/wp\/v2\/comments?post=2352"}],"version-history":[{"count":5,"href":"https:\/\/fincamalaga.com\/index.php\/wp-json\/wp\/v2\/pages\/2352\/revisions"}],"predecessor-version":[{"id":2421,"href":"https:\/\/fincamalaga.com\/index.php\/wp-json\/wp\/v2\/pages\/2352\/revisions\/2421"}],"wp:featuredmedia":[{"embeddable":true,"href":"https:\/\/fincamalaga.com\/index.php\/wp-json\/wp\/v2\/media\/42"}],"wp:attachment":[{"href":"https:\/\/fincamalaga.com\/index.php\/wp-json\/wp\/v2\/media?parent=2352"}],"curies":[{"name":"wp","href":"https:\/\/api.w.org\/{rel}","templated":true}]}}