{"id":2361,"date":"2024-02-11T21:39:11","date_gmt":"2024-02-11T21:39:11","guid":{"rendered":"https:\/\/fincamalaga.com\/?page_id=2361"},"modified":"2024-02-18T21:04:18","modified_gmt":"2024-02-18T21:04:18","slug":"lithuanian","status":"publish","type":"page","link":"https:\/\/fincamalaga.com\/index.php\/lithuanian\/","title":{"rendered":"Andal\u016bzijos Finca e\u017eero pakrant\u0117je netoli Caminito del Rey"},"content":{"rendered":"\r\n<p>El Arpa Finca Malaga puhkekorterite majutus<\/p>\r\n<h1>Malaga j\u00e4rvepiirkond koos kuninga v\u00e4ikese rajaga &#8220;Caminito del Rey&#8221;<\/h1>\r\n\r\n<strong>J\u00e4rve\u00e4\u00e4rne Andaluusia Finca, millel pole teist maja n\u00e4ha<\/strong>\r\n\r\nUnikaalsed stuudiokorterid asuvad Malaga k\u00f5ige vapustavamas looduses, j\u00e4rvede ja m\u00e4gede vahel, King&#8217;s Little Walkway Caminito del Rey sissep\u00e4\u00e4su k\u00f5rval ja vaid 45 minuti kaugusel. Malaga lennujaamast. Perekonnale kuuluv kaunis talumaja, mis on taastatud austades \u00fcmbrust ja traditsioonilisi puittalade ja paksude valgete seintega hooneid. 50 000 ruutmeetri suurune finca on istutatud orgaaniliste mandlipuudega ja tee l\u00e4bi mandlisalu viib teid otse alla j\u00e4rve \u00e4\u00e4rde.\r\n\r\n<strong>J\u00e4rv 150 m \u00b7 Restoranid 4 km \u00b7 Caminito del Rey 5 km \u00b7 Ostlemine 16 km \u00b7 Lennujaam 65 km<\/strong>\r\n\r\n<strong>J\u00e4rvevaatega stuudiokorterid<\/strong>\r\n\r\nToiduvalmistamise v\u00f5imalusega apartemendid on mugavad ja kaunilt sisustatud, sealhulgas magamisala, privaatse k\u00f6\u00f6gi ja vannitoaga. Eraldi sissep\u00e4\u00e4s ja armas puitm\u00f6\u00f6bliga terrass, kust avaneb hingekosutav panoraamvaade j\u00e4rvele. Ideaalne koht, kus nautida v\u00e4ikeseid Hispaania tapasid ja klaasi veini, samal ajal kui p\u00e4ike loojub j\u00e4rve ja m\u00e4gede taha.\r\n\r\nSiin saate nautida elu, olenemata sellest, kas otsustate l\u00f5\u00f5gastuda ja nautida rahu kaunis \u00fcmbruskonnas l\u00f5unap\u00e4ikese all \u2013 v\u00f5i eelistate kasutada m\u00f5nda paljudest tegevustest, mida loodus teile pakub ja mis asub kohe hotelli uste taga. puhkekorterid.\r\n\r\n<strong>Autentsed kogemused t\u00f5elises Hispaanias<\/strong>\r\n\r\nTulge ja kogege t\u00f5elist Hispaaniat, hingake puhast ja v\u00e4rsket \u00f5hku parimas looduskeskkonnas, mis on veetlevate v\u00e4ikeste valgeks lubjatud k\u00fclade l\u00e4hedal, kus aeg on aastak\u00fcmneid seisma j\u00e4\u00e4nud ja &#8220;ma\u00f1ana&#8221; kultuur on endiselt pooleli. S\u00f5bralikud hispaanlased, kellel pole stressi ja kes ikka teavad, kuidas elada t\u00e4isv\u00e4\u00e4rtuslikku elu.\r\n\r\n<p align=\"center\">[nupp\r\nlink=&#8221;https:\/\/fincamalaga.com\/index.php\/contact\/&#8221;]Broneerige korter[\/button]<\/p>\r\n\r\nMalaga j\u00e4rve<strong>piirkond<\/strong>\r\n\r\n<strong>100% puhas loodus k\u00f5ikjal<\/strong>\r\n\r\nFinca el Arpa asub j\u00e4rvede ja m\u00e4gede vahel Andaluusia k\u00f5ige vapustavamas looduses. \u00dcmberringi oliivisalud, v\u00e4ikesed valgeks lubjatud k\u00fclad, k\u00f5rged m\u00e4ed ja madalad orud. Rohkem kui 100 aastat peidetud koht oliivi- ja lambakasvatajate jaoks, mida \u00fchendab vaid \u00fcks lihtne raudtee. Ainus talumaja j\u00e4i alles, kui 1970ndatel ehitati paisud ja rajati 3 j\u00e4rve. See oli \u00fcks piirkonna suurimaid talusid, kus elas 3 perekonda, kes elasid lamba- ja oliivikasvatusest, tohutu maa-alaga. T\u00e4nap\u00e4eval kuulub Finca el Arpale vaid 5 hektarit, mis on kasvanud vanade k\u00e4\u00e4nuliste mandlipuudega ja paksude kiviseintega majaga, kus on palju v\u00f5lu ja lugusid. Oliive ja lambaid leidub veel, kuid n\u00fc\u00fcd on seal teed ja piirkond on v\u00e4ga tuntud Kuninga v\u00e4ikese raja (Caminito del Rey) ja \u00fche kauneima kohana Malaga sisemaal. Caminito del Rey on renoveeritud, et oleks v\u00f5imalik k\u00f5ndida m\u00e4gedevahelises kurul, t\u00e4pselt nagu kuningas Alfonso XIII 1920. aastatel. Finca el Arpa asub Caminito del Rey peasissep\u00e4\u00e4sust vaid 4 km kaugusel. Ja keskselt suurte kultuurilinnade Cordoba, Granada, Sevilla, Malaga ja Ronda vahel.\r\n\r\nKuninga v\u00e4ike rada\r\nVarem oli see maailma k\u00f5ige ohtlikum k\u00f5nnitee. Caminito del Rey taastati 2014. aastal ja on n\u00fc\u00fcd uuesti avatud. Sissep\u00e4\u00e4s on El Arpast vaid 4 km kaugusel.<br><br>\r\n\r\n<h2>El Torcal de Antequera<\/h2>\r\nMatkarajad l\u00e4bi t\u00e4iesti ainulaadsete kivimoodustiste \u2013 imeline looduselamus. Vahetult Antequerast v\u00e4ljas, Andaluusia keskel, asub m\u00e4e otsas asuv El Torcali rahvuspark, kust avaneb vaade selgel p\u00e4eval Malagale ja Vahemerele.<br><br><br><br> >\r\n\r\n<h2>Flamingo Lagunes<\/h2>\r\nLaguna Fuente de Piedra on looduslik varjupaik tuhandetele metsikutele flamingodele ja paljudele teistele kahlajatele.<br><br>\r\n\r\n<h2>Malaga j\u00e4rve piirkond<\/h2>\r\nFinca el Arpa ees on vaikne v\u00e4ike rannaosa, kus on lamamistoolid ja head v\u00f5imalused ujuma minna. Teiste j\u00e4rvede \u00e4\u00e4res saab rentida s\u00fcstasid, veerattaid ja tegeleda muude veespordialadega.<br><br>\r\n\r\n<h2>Andaluusia peamised kultuurilised vaatamisv\u00e4\u00e4rsused<\/h2>\r\nHea p\u00e4evareisina on v\u00f5imalik j\u00f5uda suurlinnadesse Cordoba, Malaga, Sevilla, Granada ja Ronda. Neil on piiramatud v\u00f5imalused avastada Hispaania kultuuri, arhitektuuri ja ajalugu.<br><br>\r\n\r\n<h2>Andaluusia valgeks lubjatud k\u00fclad<\/h2>\r\n\u00c4rge unustage m\u00f5nda v\u00e4ikest k\u00fcla (pueblos), kus on k\u00f5ik v\u00f5lu ja vaikne elu. Ardalesi, Carratraca, Teba ja Alora k\u00fclad on hubased kohad El Arpa l\u00e4hedal.<br><br>\r\n\r\n<p align=\"center\">[nupp\r\nlink=&#8221;https:\/\/fincamalaga.com\/index.php\/contact\/&#8221;]Broneerige korter[\/button]<\/p>\r\n\r\n<a href=\"https:\/\/fincamalaga.com\/index.php\/contact\/\">raamat<\/a>\r\n\r\n<a href=\"https:\/\/autentical.com\">Autentsed<\/a>\r\n\r\n","protected":false},"excerpt":{"rendered":"<p>El Arpa Finca Malaga puhkekorterite majutus Malaga j\u00e4rvepiirkond koos kuninga v\u00e4ikese rajaga &#8220;Caminito del Rey&#8221; J\u00e4rve\u00e4\u00e4rne Andaluusia Finca, millel pole teist maja n\u00e4ha Unikaalsed stuudiokorterid asuvad Malaga k\u00f5ige vapustavamas looduses, j\u00e4rvede ja m\u00e4gede vahel, King&#8217;s Little Walkway Caminito del Rey sissep\u00e4\u00e4su k\u00f5rval ja vaid 45 minuti kaugusel. Malaga lennujaamast. Perekonnale kuuluv kaunis talumaja, mis on [&hellip;]<\/p>\n","protected":false},"author":1,"featured_media":42,"parent":0,"menu_order":0,"comment_status":"closed","ping_status":"closed","template":"","meta":{"footnotes":""},"class_list":["post-2361","page","type-page","status-publish","has-post-thumbnail","hentry"],"_links":{"self":[{"href":"https:\/\/fincamalaga.com\/index.php\/wp-json\/wp\/v2\/pages\/2361"}],"collection":[{"href":"https:\/\/fincamalaga.com\/index.php\/wp-json\/wp\/v2\/pages"}],"about":[{"href":"https:\/\/fincamalaga.com\/index.php\/wp-json\/wp\/v2\/types\/page"}],"author":[{"embeddable":true,"href":"https:\/\/fincamalaga.com\/index.php\/wp-json\/wp\/v2\/users\/1"}],"replies":[{"embeddable":true,"href":"https:\/\/fincamalaga.com\/index.php\/wp-json\/wp\/v2\/comments?post=2361"}],"version-history":[{"count":5,"href":"https:\/\/fincamalaga.com\/index.php\/wp-json\/wp\/v2\/pages\/2361\/revisions"}],"predecessor-version":[{"id":2422,"href":"https:\/\/fincamalaga.com\/index.php\/wp-json\/wp\/v2\/pages\/2361\/revisions\/2422"}],"wp:featuredmedia":[{"embeddable":true,"href":"https:\/\/fincamalaga.com\/index.php\/wp-json\/wp\/v2\/media\/42"}],"wp:attachment":[{"href":"https:\/\/fincamalaga.com\/index.php\/wp-json\/wp\/v2\/media?parent=2361"}],"curies":[{"name":"wp","href":"https:\/\/api.w.org\/{rel}","templated":true}]}}