{"id":2366,"date":"2024-02-11T21:42:41","date_gmt":"2024-02-11T21:42:41","guid":{"rendered":"https:\/\/fincamalaga.com\/?page_id=2366"},"modified":"2024-02-18T21:04:31","modified_gmt":"2024-02-18T21:04:31","slug":"latvian","status":"publish","type":"page","link":"https:\/\/fincamalaga.com\/index.php\/latvian\/","title":{"rendered":"Ezera krasta Andal\u016bzijas Finca net\u0101lu no Caminito del Rey"},"content":{"rendered":"\r\n<p>Izmitin\u0101\u0161ana br\u012bvdienu dz\u012bvok\u013cos El Arpa Finca Malaga<\/p>\r\n<h1>Malagas ezera apgabals ar Kara\u013ca mazo taci\u0146u Caminito del Rey<\/h1>\r\n\r\n<strong>Andal\u016bzijas Finca ezera krast\u0101 bez citas m\u0101jas redzeslok\u0101<\/strong>\r\n\r\nUnik\u0101lie studijas tipa dz\u012bvok\u013ci atrodas Malagas br\u012bni\u0161\u0137\u012bg\u0101kaj\u0101 dab\u0101, starp ezeriem un kalniem, blakus ieejai King&#8217;s Little Walkway &#8220;Caminito del Rey&#8221; un tikai 45 min. no Malagas lidostas. \u0122imenei piedero\u0161a skaista lauku m\u0101ja, kas atjaunota ar cie\u0146u pret apk\u0101rtni un tradicion\u0101l\u0101m \u0113k\u0101m ar koka sij\u0101m un biez\u0101m balt\u0101m sien\u0101m. 50\u00a0000 kvadr\u0101tmetru lielaj\u0101 Finca ir apst\u0101d\u012btas ar organiskiem mande\u013cu kokiem, un ce\u013c\u0161 cauri mande\u013cu birzim ved tie\u0161i lejup uz ezeru.\r\n\r\n<strong>Ezers 150\u00a0m \u00b7 Restor\u0101ni 4\u00a0km \u00b7 Caminito del Rey\u00a05\u00a0km \u00b7 Iepirk\u0161an\u0101s 16\u00a0km \u00b7 Lidosta 65\u00a0km<\/strong>\r\n\r\n<strong>Studijas dz\u012bvok\u013ci ar skatu uz ezeru<\/strong>\r\n\r\nPa\u0161apkalpo\u0161an\u0101s dz\u012bvok\u013ci ir \u0113rti un skaisti m\u0113bel\u0113ti, tajos ir gu\u013camzona, priv\u0101ta virtuve un vannas istaba. Priv\u0101ta ieeja un jauka terase ar koka m\u0113bel\u0113m un elpu aizraujo\u0161u panor\u0101mas skatu uz ezeru. Lieliska vieta, kur baud\u012bt nelielas sp\u0101\u0146u tapas un gl\u0101zi v\u012bna, kam\u0113r saule riet aiz ezera un kalniem.\r\n\r\n\u0160eit j\u016bs varat baud\u012bt dz\u012bvi neatkar\u012bgi no t\u0101, vai izv\u0113laties atp\u016bsties un baud\u012bt mieru skaistaj\u0101 apk\u0101rtn\u0113 zem dienvidu saules &#8211; vai ar\u012b v\u0113laties izmantot k\u0101du no daudzaj\u0101m aktivit\u0101t\u0113m, ko daba jums pied\u0101v\u0101 un kas atrodas tie\u0161i \u0101rpus viesn\u012bcas durv\u012bm. br\u012bvdienu dz\u012bvok\u013ci.\r\n\r\n<strong>Autentiska pieredze \u012bstaj\u0101 Sp\u0101nij\u0101<\/strong>\r\n\r\nN\u0101ciet un izbaudiet \u012bsto Sp\u0101niju, elpojiet t\u012bru un svaigu gaisu skaist\u0101kaj\u0101 dabiskaj\u0101 vid\u0113 net\u0101lu no apburo\u0161iem maziem, baltiem ciemati\u0146iem, kur laiks ir apst\u0101jies gadu desmitiem un &#8220;ma\u00f1ana&#8221; kult\u016bra joproj\u0101m turpin\u0101s. Draudz\u012bgi sp\u0101\u0146i bez stresa un kuri joproj\u0101m zina, k\u0101 dz\u012bvot pilnv\u0113rt\u012bgi.\r\n\r\n<p align=\"center\">[poga\r\nlink=&#8221;https:\/\/fincamalaga.com\/index.php\/contact\/&#8221;]Rezerv\u0113t dz\u012bvokli[\/button]<\/p>\r\n\r\nMalagas ezera<strong>apgabals<\/strong>\r\n\r\n<strong>100% t\u012bra daba visapk\u0101rt<\/strong>\r\n\r\nFinca el Arpa atrodas starp ezeriem un kalniem visbr\u012bni\u0161\u0137\u012bg\u0101kaj\u0101 Andal\u016bzijas dab\u0101. Apk\u0101rt ol\u012bvu birzis, mazi balti ciemati\u0146i, augsti kalni un zemas ielejas. Vair\u0101k nek\u0101 100 gadus sl\u0113pta vieta ol\u012bvu un aitu audz\u0113t\u0101jiem, ko savieno tikai viens vienk\u0101r\u0161s dzelzce\u013c\u0161. Vien\u012bg\u0101 lauku m\u0101ja palika, kad 1970. gados tika uzcelti dambji un izveidoti 3 ezeri. Taj\u0101 dz\u012bvoja 3 \u0123imenes, kas dz\u012bvoja no aitkop\u012bbas un ol\u012bvu audz\u0113\u0161anas, un t\u0101 bija viena no liel\u0101kaj\u0101m saimniec\u012bb\u0101m \u0161aj\u0101 apgabal\u0101 ar milz\u012bgu zemes plat\u012bbu. \u0160odien Finca el Arpa pieder tikai 5 hekt\u0101ri, ko audz\u0113 veci, l\u012bkumoti mande\u013cu koki un m\u0101ja ar biez\u0101m akmens sien\u0101m ar daudz \u0161arma un st\u0101stiem. Joproj\u0101m ir atrodamas ol\u012bvas un aitas, ta\u010du tagad ir ce\u013ci, un \u0161\u012b apkaime ir \u013coti labi paz\u012bstama ar King&#8217;s Little Pathway (Caminito del Rey) un k\u0101 viena no skaist\u0101kaj\u0101m viet\u0101m Malagas iek\u0161ien\u0113. Caminito del Rey ir atjaunots, lai b\u016btu iesp\u0113jams pastaig\u0101ties aiz\u0101 starp kalniem, t\u0101pat k\u0101 karalis Alfonso XIII to dar\u012bja 20.\u00a0gadsimta 20.\u00a0gados. Viesn\u012bca Finca el Arpa atrodas tikai 4 km att\u0101lum\u0101 no Caminito del Rey galven\u0101s ieejas. Un centr\u0101 starp lielaj\u0101m kult\u016bras pils\u0113t\u0101m Kordovai, Gran\u0101dai, Sevi\u013cai, Malagai un Rondai.\r\n\r\nKara\u013ca mazais ce\u013c\u0161\r\nAgr\u0101k tas bija pasaul\u0113 b\u012bstam\u0101kais celi\u0146\u0161. Caminito del Rey tika atjaunota 2014. gad\u0101 un tagad ir atk\u0101rtoti atv\u0113rta. Ieeja atrodas tikai 4 km att\u0101lum\u0101 no El Arpas.<br><br>\r\n\r\n<h2>El Torcal de Antequera<\/h2>\r\nP\u0101rg\u0101jienu mar\u0161ruti pa piln\u012bgi unik\u0101liem klin\u0161u veidojumiem \u2013 br\u012bni\u0161\u0137\u012bgs dabas piedz\u012bvojums. Tie\u0161i \u0101rpus Antekeras, Andal\u016bzijas vidien\u0113, El Torcal nacion\u0101lais parks atrodas kalna virsotn\u0113, no kura skaidr\u0101 dien\u0101 paveras skats uz Malagu un Vidusj\u016bru.<br><br><br><br> >\r\n\r\n<h2>Flamingo Lagunes<\/h2>\r\nLaguna Fuente de Piedra ir dabiska patv\u0113ruma vieta t\u016bksto\u0161iem savva\u013cas flamingo un daudziem citiem brid\u0113jputniem.<br><br>\r\n\r\n<h2>Malagas ezera apgabals<\/h2>\r\nPie Finca el Arpa atrodas klusa neliela pludmales da\u013ca ar sau\u013co\u0161an\u0101s kr\u0113sliem un lab\u0101m iesp\u0113j\u0101m peld\u0113ties pie ezera. Pie citiem ezeriem var iznom\u0101t smail\u012btes, \u016bdens velosip\u0113dus un nodarboties ar citiem \u016bdens sporta veidiem.<br><br>\r\n\r\n<h2>Galvenie Andal\u016bzijas kult\u016bras apskates objekti<\/h2>\r\nLielaj\u0101s pils\u0113t\u0101s Kordova, Malaga, Sevilja, Granada un Ronda ir iesp\u0113jams nok\u013c\u016bt k\u0101 labs dienas ce\u013cojums. Vi\u0146iem ir neierobe\u017eotas iesp\u0113jas atkl\u0101t Sp\u0101nijas kult\u016bru, arhitekt\u016bru un v\u0113sturi.<br><br>\r\n\r\n<h2>Andal\u016bzijas mazie baltie ciemati<\/h2>\r\nNepalaidiet gar\u0101m da\u017eus mazos ciematus (pueblos), ar visu \u0161armu un kluso dz\u012bvi. Ciemi Ardales, Carratraca, Teba un Alora ir m\u0101j\u012bgas vietas net\u0101lu no El Arpa.<br><br>\r\n\r\n<p align=\"center\">[poga\r\nlink=&#8221;https:\/\/fincamalaga.com\/index.php\/contact\/&#8221;]Rezerv\u0113t dz\u012bvokli[\/button]<\/p>\r\n\r\n<a href=\"https:\/\/fincamalaga.com\/index.php\/contact\/\">gr\u0101mata<\/a>\r\n\r\n<a href=\"https:\/\/autentical.com\">Autentiski<\/a>\r\n","protected":false},"excerpt":{"rendered":"<p>Izmitin\u0101\u0161ana br\u012bvdienu dz\u012bvok\u013cos El Arpa Finca Malaga Malagas ezera apgabals ar Kara\u013ca mazo taci\u0146u Caminito del Rey Andal\u016bzijas Finca ezera krast\u0101 bez citas m\u0101jas redzeslok\u0101 Unik\u0101lie studijas tipa dz\u012bvok\u013ci atrodas Malagas br\u012bni\u0161\u0137\u012bg\u0101kaj\u0101 dab\u0101, starp ezeriem un kalniem, blakus ieejai King&#8217;s Little Walkway &#8220;Caminito del Rey&#8221; un tikai 45 min. no Malagas lidostas. \u0122imenei piedero\u0161a skaista [&hellip;]<\/p>\n","protected":false},"author":1,"featured_media":42,"parent":0,"menu_order":0,"comment_status":"closed","ping_status":"closed","template":"","meta":{"footnotes":""},"class_list":["post-2366","page","type-page","status-publish","has-post-thumbnail","hentry"],"_links":{"self":[{"href":"https:\/\/fincamalaga.com\/index.php\/wp-json\/wp\/v2\/pages\/2366"}],"collection":[{"href":"https:\/\/fincamalaga.com\/index.php\/wp-json\/wp\/v2\/pages"}],"about":[{"href":"https:\/\/fincamalaga.com\/index.php\/wp-json\/wp\/v2\/types\/page"}],"author":[{"embeddable":true,"href":"https:\/\/fincamalaga.com\/index.php\/wp-json\/wp\/v2\/users\/1"}],"replies":[{"embeddable":true,"href":"https:\/\/fincamalaga.com\/index.php\/wp-json\/wp\/v2\/comments?post=2366"}],"version-history":[{"count":5,"href":"https:\/\/fincamalaga.com\/index.php\/wp-json\/wp\/v2\/pages\/2366\/revisions"}],"predecessor-version":[{"id":2423,"href":"https:\/\/fincamalaga.com\/index.php\/wp-json\/wp\/v2\/pages\/2366\/revisions\/2423"}],"wp:featuredmedia":[{"embeddable":true,"href":"https:\/\/fincamalaga.com\/index.php\/wp-json\/wp\/v2\/media\/42"}],"wp:attachment":[{"href":"https:\/\/fincamalaga.com\/index.php\/wp-json\/wp\/v2\/media?parent=2366"}],"curies":[{"name":"wp","href":"https:\/\/api.w.org\/{rel}","templated":true}]}}