{"id":2371,"date":"2024-02-11T21:46:42","date_gmt":"2024-02-11T21:46:42","guid":{"rendered":"https:\/\/fincamalaga.com\/?page_id=2371"},"modified":"2025-08-14T14:07:20","modified_gmt":"2025-08-14T14:07:20","slug":"czech","status":"publish","type":"page","link":"https:\/\/fincamalaga.com\/index.php\/czech\/","title":{"rendered":"Andalusk\u00e1 Finca u jezera pobl\u00ed\u017e mal\u00e9 stezky Caminito del Rey"},"content":{"rendered":"\r\n<p>El Arpa Finca Malaga ubytov\u00e1n\u00ed v apartm\u00e1nech<\/p>\r\n<h1>Jezern\u00ed oblast Malaga s Kr\u00e1lovou malou stezkou &#8220;Caminito del Rey&#8221;<\/h1>\r\n\r\n<strong>Andalusk\u00e1 Finca u jezera bez dal\u0161\u00edho domu v dohledu<\/strong>\r\n\r\nJedine\u010dn\u00e9 studiov\u00e9 apartm\u00e1ny usazen\u00e9 v nejkr\u00e1sn\u011bj\u0161\u00ed p\u0159\u00edrod\u011b Malagy, mezi jezery a horami, vedle vchodu do The King&#8217;s Little Walkway &#8220;Caminito del Rey&#8221; a pouh\u00fdch 45 minut. z leti\u0161t\u011b Malaga. Kr\u00e1sn\u00fd statek v rodinn\u00e9m vlastnictv\u00ed zrestaurovan\u00fd s ohledem na okol\u00ed a tradi\u010dn\u00ed budovy s d\u0159ev\u011bn\u00fdmi tr\u00e1my a siln\u00fdmi b\u00edl\u00fdmi zdmi. Finca o rozloze 50 000 m2 je os\u00e1zena organick\u00fdmi mandlovn\u00edky a cesta skrz mandlo\u0148ov\u00fd h\u00e1j v\u00e1s zavede p\u0159\u00edmo dol\u016f k jezeru.\r\n\r\n<strong>Jezero 150 m \u00b7 Restaurace 4 km \u00b7 Caminito del Rey 5 km \u00b7 N\u00e1kupy 16 km \u00b7 Leti\u0161t\u011b 65 km<\/strong>\r\n\r\n<strong>Studio apartm\u00e1ny s v\u00fdhledem na jezero<\/strong>\r\n\r\nApartm\u00e1ny s vlastn\u00edm stravov\u00e1n\u00edm jsou pohodln\u00e9 a kr\u00e1sn\u011b za\u0159\u00edzen\u00e9, v\u010detn\u011b prostoru na span\u00ed, vlastn\u00ed kuchyn\u011b a koupelny. Soukrom\u00fd vchod a kr\u00e1sn\u00e1 terasa s d\u0159ev\u011bn\u00fdm n\u00e1bytkem a \u00fachvatn\u00fdm panoramatick\u00fdm v\u00fdhledem na jezero. Ide\u00e1ln\u00ed m\u00edsto, kde si m\u016f\u017eete vychutnat mal\u00e9 \u0161pan\u011blsk\u00e9 tapas a sklenku v\u00edna, zat\u00edmco slunce zapad\u00e1 za jezero a hory.\r\n\r\nZde si m\u016f\u017eete u\u017e\u00edvat \u017eivota, bez ohledu na to, zda se rozhodnete odpo\u010d\u00edvat a u\u017e\u00edvat si klidu v kr\u00e1sn\u00e9m prost\u0159ed\u00ed pod ji\u017en\u00edm sluncem &#8211; nebo zda d\u00e1v\u00e1te p\u0159ednost jedn\u00e9 z mnoha aktivit, kter\u00e9 v\u00e1m p\u0159\u00edroda nab\u00edz\u00ed a kter\u00e1 je hned za dve\u0159mi pr\u00e1zdninov\u00e9 byty.\r\n\r\n<strong>Autentick\u00e9 z\u00e1\u017eitky ve skute\u010dn\u00e9m \u0160pan\u011blsku<\/strong>\r\n\r\nP\u0159ij\u010fte a za\u017eijte skute\u010dn\u00e9 \u0160pan\u011blsko, d\u00fdchejte \u010dist\u00fd a \u010derstv\u00fd vzduch v nejlep\u0161\u00edm p\u0159\u00edrodn\u00edm prost\u0159ed\u00ed v bl\u00edzkosti n\u00e1dhern\u00fdch mal\u00fdch ob\u00edlen\u00fdch vesni\u010dek, kde se po desetilet\u00ed zastavil \u010das a kultura \u201ema\u00f1ana\u201c st\u00e1le trv\u00e1. P\u0159\u00e1tel\u0161t\u00ed \u0160pan\u011bl\u00e9 bez stresu a kte\u0159\u00ed je\u0161t\u011b v\u011bd\u00ed, jak \u017e\u00edt naplno.\r\n\r\n<p align=\"center\">[tla\u010d\u00edtko\r\nlink=&#8221;https:\/\/fincamalaga.com\/index.php\/contact\/&#8221;]Zarezervujte si apartm\u00e1n[\/button]<\/p>\r\n\r\n<strong>Oblast<\/strong> jezera Malaga\r\n\r\n<strong>100% \u010dist\u00e1 p\u0159\u00edroda v\u0161ude kolem<\/strong>\r\n\r\nFinca el Arpa se nach\u00e1z\u00ed mezi jezery a horami v nej\u00fa\u017easn\u011bj\u0161\u00ed p\u0159\u00edrod\u011b Andalusie. Obklopen olivov\u00fdmi h\u00e1ji, mal\u00fdmi ob\u00edlen\u00fdmi vesni\u010dkami, vysok\u00fdmi horami a n\u00edzk\u00fdmi \u00fadol\u00edmi. Ji\u017e v\u00edce ne\u017e 100 let skryt\u00e9 m\u00edsto pro chovatele oliv a ovc\u00ed, spojen\u00e9 pouze jednou jednoduchou \u017eeleznic\u00ed. Jedin\u00fd statek z\u016fstal, kdy\u017e v 70. letech 20. stolet\u00ed byly vybudov\u00e1ny p\u0159ehrady a z\u0159\u00edzena 3 jezera. Bydlen\u00ed 3 rodin, kter\u00e9 \u017eily z chovu ovc\u00ed a oliv, to byla jedna z nejv\u011bt\u0161\u00edch farem v oblasti s obrovskou rozlohou p\u016fdy. Dnes pouze 5 hektar\u016f pat\u0159\u00ed Finca el Arpa, obrostl\u00e9 star\u00fdmi k\u0159ivolak\u00fdmi mandlovn\u00edky a domem se siln\u00fdmi kamenn\u00fdmi zdmi se spoustou kouzla a p\u0159\u00edb\u011bh\u016f. Olivy a ovce jsou st\u00e1le k nalezen\u00ed, ale nyn\u00ed jsou zde silnice a oblast je velmi zn\u00e1m\u00e1 Kr\u00e1lovskou malou stezkou (Caminito del Rey) a jako jedno z nejkr\u00e1sn\u011bj\u0161\u00edch m\u00edst ve vnitrozem\u00ed Malagy. Caminito del Rey bylo zrekonstruov\u00e1no, aby bylo mo\u017en\u00e9 chodit v sout\u011bsce mezi horami, stejn\u011b jako to d\u011blal kr\u00e1l Alfonso XIII ve 20. letech 20. stolet\u00ed. Finca el Arpa se nach\u00e1z\u00ed jen 4 km od hlavn\u00edho vchodu do Caminito del Rey. A centr\u00e1ln\u011b mezi velk\u00fdmi kulturn\u00edmi m\u011bsty Cordoba, Granada, Sevilla, Malaga a Ronda.\r\n\r\nKr\u00e1lova mal\u00e1 stezka\r\nB\u00fdval zn\u00e1m\u00fd jako nejnebezpe\u010dn\u011bj\u0161\u00ed chodn\u00edk na sv\u011bt\u011b. Caminito del Rey byl obnoven v roce 2014 a nyn\u00ed byl znovu otev\u0159en. Vchod je jen 4 km od El Arpa.<br><br>\r\n\r\n<h2>El Torcal de Antequera<\/h2>\r\nTuristick\u00e9 trasy zcela unik\u00e1tn\u00edmi skaln\u00edmi \u00fatvary \u2013 n\u00e1dhern\u00fd p\u0159\u00edrodn\u00ed z\u00e1\u017eitek. Kousek od Antequery, uprost\u0159ed Andalusie, se na vrcholu hory nach\u00e1z\u00ed n\u00e1rodn\u00ed park El Torcal s v\u00fdhledem a\u017e na Malagu a St\u0159edozemn\u00ed mo\u0159e za jasn\u00e9ho dne.<br><br><br><br> >\r\n\r\n<h2>Flamingo Lagunes<\/h2>\r\nLaguna Fuente de Piedra je p\u0159irozen\u00fdm \u00fato\u010di\u0161t\u011bm pro tis\u00edce divok\u00fdch plame\u0148\u00e1k\u016f a spoustu dal\u0161\u00edch bah\u0148\u00e1k\u016f.<br><br>\r\n\r\n<h2>Jezern\u00ed oblast Malaga<\/h2>\r\nP\u0159ed Finca el Arpa je klidn\u00e1 mal\u00e1 pl\u00e1\u017eov\u00e1 \u010d\u00e1st s leh\u00e1tky a dobr\u00fdmi mo\u017enostmi ke koup\u00e1n\u00ed u jezera. U ostatn\u00edch jezer si m\u016f\u017eete p\u016fj\u010dit kajaky, vodn\u00ed kola a provozovat dal\u0161\u00ed vodn\u00ed sporty.<br><br>\r\n\r\n<h2>Hlavn\u00ed kulturn\u00ed pam\u00e1tky Andalusie<\/h2>\r\nDo velk\u00fdch m\u011bst Cordoba, Malaga, Sevilla, Granada a Ronda se dostanete jako dobr\u00fd jednodenn\u00ed v\u00fdlet. Maj\u00ed neomezen\u00e9 mo\u017enosti objevovat \u0161pan\u011blskou kulturu, architekturu a historii.<br><br>\r\n\r\n<h2>Mal\u00e9 ob\u00edlen\u00e9 vesnice Andalusie<\/h2>\r\nNenechte si uj\u00edt n\u011bkter\u00e9 z mal\u00fdch vesni\u010dek (pueblos), se v\u0161\u00edm kouzlem a klidn\u00fdm \u017eivotem. Vesnice Ardales, Carratraca, Teba a Alora jsou \u00fatuln\u00e1 m\u00edsta pobl\u00ed\u017e El Arpa.<br><br>\r\n\r\n<p align=\"center\">[tla\u010d\u00edtko\r\nlink=&#8221;https:\/\/fincamalaga.com\/index.php\/contact\/&#8221;]Zarezervujte si apartm\u00e1n[\/button]<\/p>\r\n\r\n<a href=\"https:\/\/fincamalaga.com\/index.php\/contact\/\">rezervovat<\/a>\r\n\r\n<a href=\"https:\/\/autentical.com\">Autentick\u00e9<\/a>\r\n","protected":false},"excerpt":{"rendered":"<p>El Arpa Finca Malaga ubytov\u00e1n\u00ed v apartm\u00e1nech Jezern\u00ed oblast Malaga s Kr\u00e1lovou malou stezkou &#8220;Caminito del Rey&#8221; Andalusk\u00e1 Finca u jezera bez dal\u0161\u00edho domu v dohledu Jedine\u010dn\u00e9 studiov\u00e9 apartm\u00e1ny usazen\u00e9 v nejkr\u00e1sn\u011bj\u0161\u00ed p\u0159\u00edrod\u011b Malagy, mezi jezery a horami, vedle vchodu do The King&#8217;s Little Walkway &#8220;Caminito del Rey&#8221; a pouh\u00fdch 45 minut. z leti\u0161t\u011b Malaga. [&hellip;]<\/p>\n","protected":false},"author":1,"featured_media":42,"parent":0,"menu_order":0,"comment_status":"closed","ping_status":"closed","template":"","meta":{"footnotes":""},"class_list":["post-2371","page","type-page","status-publish","has-post-thumbnail","hentry"],"_links":{"self":[{"href":"https:\/\/fincamalaga.com\/index.php\/wp-json\/wp\/v2\/pages\/2371"}],"collection":[{"href":"https:\/\/fincamalaga.com\/index.php\/wp-json\/wp\/v2\/pages"}],"about":[{"href":"https:\/\/fincamalaga.com\/index.php\/wp-json\/wp\/v2\/types\/page"}],"author":[{"embeddable":true,"href":"https:\/\/fincamalaga.com\/index.php\/wp-json\/wp\/v2\/users\/1"}],"replies":[{"embeddable":true,"href":"https:\/\/fincamalaga.com\/index.php\/wp-json\/wp\/v2\/comments?post=2371"}],"version-history":[{"count":6,"href":"https:\/\/fincamalaga.com\/index.php\/wp-json\/wp\/v2\/pages\/2371\/revisions"}],"predecessor-version":[{"id":2655,"href":"https:\/\/fincamalaga.com\/index.php\/wp-json\/wp\/v2\/pages\/2371\/revisions\/2655"}],"wp:featuredmedia":[{"embeddable":true,"href":"https:\/\/fincamalaga.com\/index.php\/wp-json\/wp\/v2\/media\/42"}],"wp:attachment":[{"href":"https:\/\/fincamalaga.com\/index.php\/wp-json\/wp\/v2\/media?parent=2371"}],"curies":[{"name":"wp","href":"https:\/\/api.w.org\/{rel}","templated":true}]}}