{"id":825,"date":"2019-05-21T07:07:21","date_gmt":"2019-05-21T07:07:21","guid":{"rendered":"http:\/\/elarpa.fincamalaga.com\/index.php\/send-os-en-foresporgsel\/"},"modified":"2025-02-22T09:22:47","modified_gmt":"2025-02-22T09:22:47","slug":"send-os-en-foresporgsel","status":"publish","type":"page","link":"https:\/\/fincamalaga.com\/index.php\/send-os-en-foresporgsel\/?lang=da","title":{"rendered":"Send os en foresp\u00f8rgsel"},"content":{"rendered":"\r\n<p class=\"has-background has-pale-cyan-blue-background-color\">Vi ser frem til at h\u00f8re fra jer. Vi besvarer altid henvendelser indenfor h\u00f8jst 8 timer.<\/p>\r\n\r\n\r\n\r\n<p>For at v\u00e6re sikker p\u00e5 at modtage vores svar bedes I tilf\u00f8je vores email-adresse info(@)fincamalaga.com til kontakterne i jeres emailprogram &#8211; ellers ender det sandsynligvis i spam-filteret eller i u\u00f8nsket post.<\/p>\r\n\r\n\r\n\r\n<p>&nbsp;<\/p>\r\n\r\n\r\n\r\n<p>PS! Leder du efter priserne? Find s\u00e6soner og priserne p\u00e5 lejlighedssiden.<\/p>\r\n\r\n\r\n\r\n<a class=\"button\" href=\"https:\/\/fincamalaga.com\/index.php\/lejlighederne\/?lang=da\"><span data-hover=\"Se vores priser\">Se vores priser<\/span><\/a>\r\n\r\n\r\n\r\n<p>&nbsp;<\/p>\r\n\r\n\r\n\r\n\r\n<p style=\"text-align: right;\">Har I brug for flybilletter til Malaga??\r\n<br><a class=\"button\" target=\"blank\" rel=\"nofollow noopener\" href=\"https:\/\/flights.booking.com\/flights\/CPH.CITY-AGP.AIRPORT\/?type=ROUNDTRIP&#038;adults=2&#038;cabinClass=ECONOMY&#038;children=&#038;from=CPH.CITY&#038;to=AGP.AIRPORT&#038;fromCountry=DK&#038;toCountry=ES&#038;fromLocationName=K%C3%B8benhavn&#038;toLocationName=M%C3%A1laga+Lufthavn&#038;stops=0&#038;depart=2026-02-08&#038;return=2026-02-15&#038;sort=BEST&#038;travelPurpose=leisure&#038;aid=810813&#038;label=flights_2025&#038;lang=da\"><span data-hover=\"S\u00f8g alle fly til Malaga\">S\u00f8g alle fly til Malaga<\/span><\/a><\/p>\r\n&nbsp;\r\n\r\n\r\n","protected":false},"excerpt":{"rendered":"<p>Vi ser frem til at h\u00f8re fra jer. Vi besvarer altid henvendelser indenfor h\u00f8jst 8 timer. For at v\u00e6re sikker p\u00e5 at modtage vores svar bedes I tilf\u00f8je vores email-adresse info(@)fincamalaga.com til kontakterne i jeres emailprogram &#8211; ellers ender det sandsynligvis i spam-filteret eller i u\u00f8nsket post. &nbsp; PS! Leder du efter priserne? Find s\u00e6soner [&hellip;]<\/p>\n","protected":false},"author":1,"featured_media":0,"parent":0,"menu_order":0,"comment_status":"closed","ping_status":"closed","template":"page-contact.php","meta":{"footnotes":""},"class_list":["post-825","page","type-page","status-publish","hentry"],"_links":{"self":[{"href":"https:\/\/fincamalaga.com\/index.php\/wp-json\/wp\/v2\/pages\/825"}],"collection":[{"href":"https:\/\/fincamalaga.com\/index.php\/wp-json\/wp\/v2\/pages"}],"about":[{"href":"https:\/\/fincamalaga.com\/index.php\/wp-json\/wp\/v2\/types\/page"}],"author":[{"embeddable":true,"href":"https:\/\/fincamalaga.com\/index.php\/wp-json\/wp\/v2\/users\/1"}],"replies":[{"embeddable":true,"href":"https:\/\/fincamalaga.com\/index.php\/wp-json\/wp\/v2\/comments?post=825"}],"version-history":[{"count":11,"href":"https:\/\/fincamalaga.com\/index.php\/wp-json\/wp\/v2\/pages\/825\/revisions"}],"predecessor-version":[{"id":2614,"href":"https:\/\/fincamalaga.com\/index.php\/wp-json\/wp\/v2\/pages\/825\/revisions\/2614"}],"wp:attachment":[{"href":"https:\/\/fincamalaga.com\/index.php\/wp-json\/wp\/v2\/media?parent=825"}],"curies":[{"name":"wp","href":"https:\/\/api.w.org\/{rel}","templated":true}]}}