{"id":831,"date":"2019-05-21T07:49:41","date_gmt":"2019-05-21T07:49:41","guid":{"rendered":"http:\/\/elarpa.fincamalaga.com\/index.php\/schicken-sie-uns-eine-buchungsanfrage\/"},"modified":"2025-02-22T09:03:36","modified_gmt":"2025-02-22T09:03:36","slug":"schicken-sie-uns-eine-buchungsanfrage","status":"publish","type":"page","link":"https:\/\/fincamalaga.com\/index.php\/schicken-sie-uns-eine-buchungsanfrage\/?lang=de","title":{"rendered":"Schicken Sie uns eine Buchungsanfrage"},"content":{"rendered":"\r\n<p class=\"has-background has-pale-cyan-blue-background-color\">Wir freuen uns auf Ihre Nachrichten. Und wir beantworten immer innerhalb von 8 Stunden.<\/p>\r\n\r\n\r\n\r\n<p>Um einen zuverl\u00e4ssigen E-Mail Transfer zu gew\u00e4hrleisten empfehlen wir Ihnen unsere E-Mail Adresse info(@)fincamalaga.com Ihren E-Mail Kontakten oder Ihrer &#8220;WhiteList&#8221; hinzuzuf\u00fcgen.<\/p>\r\n\r\n\r\n\r\n<p>&nbsp;<\/p>\r\n\r\n\r\n\r\n<p>PS! Suchen Sie die Preise? Bitte finden Sie Preise und Verf\u00fcgbarkeit unter &#8216;Appartments&#8217;<\/p>\r\n\r\n\r\n\r\n<a class=\"button\" href=\"https:\/\/fincamalaga.com\/index.php\/appartments\/?lang=de\"><span data-hover=\"Sehen Sie unsere Preise\">Sehen Sie unsere Preise<\/span><\/a>\r\n\r\n\r\n\r\n<p>&nbsp;<\/p>\r\n\r\n\r\n\r\n\r\n<p style=\"text-align: right;\">Ben\u00f6tigen Sie Flugtickets nach Malaga?\r\n<br><a class=\"button\" target=\"blank\" rel=\"nofollow noopener\" href=\"https:\/\/flights.booking.com\/flights\/BER.AIRPORT-AGP.AIRPORT\/?type=ROUNDTRIP&#038;adults=2&#038;cabinClass=ECONOMY&#038;children=&#038;from=BER.AIRPORT&#038;to=AGP.AIRPORT&#038;fromCountry=DE&#038;toCountry=ES&#038;fromLocationName=Flughafen+Berlin+Brandenburg&#038;toLocationName=Flughafen+M%C3%A1laga&#038;stops=0&#038;depart=2026-02-08&#038;return=2026-02-15&#038;sort=BEST&#038;travelPurpose=leisure&#038;aid=810813&#038;label=flights_2025&#038;lang=de\"><span data-hover=\"Allen verf\u00fcgbaren Fl\u00fcgen nach Malaga suchen\">Allen verf\u00fcgbaren Fl\u00fcgen nach Malaga suchen<\/span><\/a><\/p>\r\n&nbsp;\r\n\r\n","protected":false},"excerpt":{"rendered":"<p>Wir freuen uns auf Ihre Nachrichten. Und wir beantworten immer innerhalb von 8 Stunden. Um einen zuverl\u00e4ssigen E-Mail Transfer zu gew\u00e4hrleisten empfehlen wir Ihnen unsere E-Mail Adresse info(@)fincamalaga.com Ihren E-Mail Kontakten oder Ihrer &#8220;WhiteList&#8221; hinzuzuf\u00fcgen. &nbsp; PS! Suchen Sie die Preise? Bitte finden Sie Preise und Verf\u00fcgbarkeit unter &#8216;Appartments&#8217; &nbsp; Ben\u00f6tigen Sie Flugtickets nach Malaga? [&hellip;]<\/p>\n","protected":false},"author":1,"featured_media":0,"parent":0,"menu_order":0,"comment_status":"closed","ping_status":"closed","template":"page-contact.php","meta":{"footnotes":""},"class_list":["post-831","page","type-page","status-publish","hentry"],"_links":{"self":[{"href":"https:\/\/fincamalaga.com\/index.php\/wp-json\/wp\/v2\/pages\/831"}],"collection":[{"href":"https:\/\/fincamalaga.com\/index.php\/wp-json\/wp\/v2\/pages"}],"about":[{"href":"https:\/\/fincamalaga.com\/index.php\/wp-json\/wp\/v2\/types\/page"}],"author":[{"embeddable":true,"href":"https:\/\/fincamalaga.com\/index.php\/wp-json\/wp\/v2\/users\/1"}],"replies":[{"embeddable":true,"href":"https:\/\/fincamalaga.com\/index.php\/wp-json\/wp\/v2\/comments?post=831"}],"version-history":[{"count":9,"href":"https:\/\/fincamalaga.com\/index.php\/wp-json\/wp\/v2\/pages\/831\/revisions"}],"predecessor-version":[{"id":2607,"href":"https:\/\/fincamalaga.com\/index.php\/wp-json\/wp\/v2\/pages\/831\/revisions\/2607"}],"wp:attachment":[{"href":"https:\/\/fincamalaga.com\/index.php\/wp-json\/wp\/v2\/media?parent=831"}],"curies":[{"name":"wp","href":"https:\/\/api.w.org\/{rel}","templated":true}]}}